{"id":39,"date":"2022-02-14T21:06:54","date_gmt":"2022-02-14T20:06:54","guid":{"rendered":"http:\/\/fancyfigurescnft.com\/?page_id=39"},"modified":"2022-04-06T12:25:15","modified_gmt":"2022-04-06T10:25:15","slug":"gallery","status":"publish","type":"page","link":"https:\/\/fancyfigurescnft.com\/de\/gallery\/","title":{"rendered":"Seltenheitsfinder"},"content":{"rendered":"\n<h1 class=\"has-text-align-center wp-block-heading\"><strong>Seltenheitsfinder<\/strong><\/h1>\n\n<div class=\"wp-block-image\"><figure class=\"aligncenter size-large is-resized\"><img loading=\"lazy\" decoding=\"async\" src=\"https:\/\/fancyfigurescnft.com\/wp-content\/uploads\/2022\/04\/Lupe-1024x874.png\" alt=\"\" class=\"wp-image-9083\" width=\"141\" height=\"121\" srcset=\"https:\/\/fancyfigurescnft.com\/wp-content\/uploads\/2022\/04\/Lupe-1024x874.png 1024w, https:\/\/fancyfigurescnft.com\/wp-content\/uploads\/2022\/04\/Lupe-300x256.png 300w, https:\/\/fancyfigurescnft.com\/wp-content\/uploads\/2022\/04\/Lupe-768x655.png 768w, https:\/\/fancyfigurescnft.com\/wp-content\/uploads\/2022\/04\/Lupe.png 1280w\" sizes=\"auto, (max-width: 141px) 100vw, 141px\" \/><\/figure><\/div>\n\n<p class=\"has-text-align-center has-medium-font-size\">Geben Sie Ihre Nummer von Ihrem NFT ein und finden Sie heraus, welche Seltenheit Ihr NFT hat!<\/p>\n\n<div class=\"wp-block-buttons is-content-justification-center is-layout-flex wp-container-core-buttons-is-layout-a89b3969 wp-block-buttons-is-layout-flex\">\n<div class=\"wp-block-button aligncenter has-custom-font-size\" style=\"font-size:24px\"><a class=\"wp-block-button__link has-ast-global-color-7-color has-text-color has-background\" href=\"https:\/\/fancyfigurescnft.com\/de\/?page_id=9703\" style=\"border-radius:10px;background-color:#ffd700\"><strong>Suche von<\/strong> <strong>#001 bis #0009<\/strong><\/a><\/div>\n<\/div>\n\n<div style=\"height:30px\" aria-hidden=\"true\" class=\"wp-block-spacer\"><\/div>\n\n<div class=\"wp-block-buttons is-content-justification-center is-layout-flex wp-container-core-buttons-is-layout-a89b3969 wp-block-buttons-is-layout-flex\">\n<div class=\"wp-block-button has-custom-font-size\" style=\"font-size:24px\"><a class=\"wp-block-button__link has-ast-global-color-7-color has-text-color has-background\" href=\"https:\/\/fancyfigurescnft.com\/de\/?page_id=9708\" style=\"border-radius:10px;background-color:#ffd700\"><strong>Suche von #010 bis #0099<\/strong><\/a><\/div>\n<\/div>\n\n<div style=\"height:30px\" aria-hidden=\"true\" class=\"wp-block-spacer\"><\/div>\n\n<div class=\"wp-block-buttons is-content-justification-center is-layout-flex wp-container-core-buttons-is-layout-a89b3969 wp-block-buttons-is-layout-flex\">\n<div class=\"wp-block-button has-custom-font-size\" style=\"font-size:24px\"><a class=\"wp-block-button__link has-ast-global-color-7-color has-text-color has-background\" href=\"https:\/\/fancyfigurescnft.com\/de\/?page_id=9713\" style=\"border-radius:10px;background-color:#ffd700\"><strong>Suche von #100 bis #1111<\/strong><\/a><\/div>\n<\/div>\n\n<div style=\"height:100px\" aria-hidden=\"true\" class=\"wp-block-spacer\"><\/div>\n\n<h1 class=\"has-text-align-center wp-block-heading\"><strong>Liste aller Rarit\u00e4ten<\/strong><\/h1>\n\n<div style=\"height:20px\" aria-hidden=\"true\" class=\"wp-block-spacer\"><\/div>\n\n<div class=\"wp-block-buttons is-content-justification-center is-layout-flex wp-container-core-buttons-is-layout-a89b3969 wp-block-buttons-is-layout-flex\">\n<div class=\"wp-block-button has-custom-font-size\" style=\"font-size:24px\"><a class=\"wp-block-button__link has-ast-global-color-7-color has-text-color has-background\" href=\"https:\/\/fancyfigurescnft.com\/de\/?page_id=8847\" style=\"border-radius:10px;background-color:#ffd700\"><strong>Gemeinsam<br\/>707 St\u00fcck = 63,64%<\/strong><\/a><\/div>\n<\/div>\n\n<div style=\"height:30px\" aria-hidden=\"true\" class=\"wp-block-spacer\"><\/div>\n\n<div class=\"wp-block-buttons is-content-justification-center is-layout-flex wp-container-core-buttons-is-layout-a89b3969 wp-block-buttons-is-layout-flex\">\n<div class=\"wp-block-button has-custom-font-size\" style=\"font-size:24px\"><a class=\"wp-block-button__link has-ast-global-color-7-color has-text-color has-background\" href=\"https:\/\/fancyfigurescnft.com\/de\/?page_id=8843\" style=\"border-radius:10px;background-color:#ffd700\"><strong>Ungew\u00f6hnlich<br\/>219 St\u00fcck = 19,71%<\/strong><\/a><\/div>\n<\/div>\n\n<div style=\"height:30px\" aria-hidden=\"true\" class=\"wp-block-spacer\"><\/div>\n\n<div class=\"wp-block-buttons is-content-justification-center is-layout-flex wp-container-core-buttons-is-layout-a89b3969 wp-block-buttons-is-layout-flex\">\n<div class=\"wp-block-button has-custom-font-size\" style=\"font-size:24px\"><a class=\"wp-block-button__link has-ast-global-color-7-color has-text-color has-background\" href=\"https:\/\/fancyfigurescnft.com\/de\/?page_id=8839\" style=\"border-radius:10px;background-color:#ffd700\"><strong>Selten<br\/>096 St\u00fcck = 08,64%<\/strong><\/a><\/div>\n<\/div>\n\n<div style=\"height:30px\" aria-hidden=\"true\" class=\"wp-block-spacer\"><\/div>\n\n<div class=\"wp-block-buttons is-content-justification-center is-layout-flex wp-container-core-buttons-is-layout-a89b3969 wp-block-buttons-is-layout-flex\">\n<div class=\"wp-block-button has-custom-font-size\" style=\"font-size:24px\"><a class=\"wp-block-button__link has-ast-global-color-7-color has-text-color has-background\" href=\"https:\/\/fancyfigurescnft.com\/de\/?page_id=8835\" style=\"border-radius:10px;background-color:#ffd700\"><strong>Sehr selten<br\/>043 St\u00fcck = 03,87%<\/strong><\/a><\/div>\n<\/div>\n\n<div style=\"height:30px\" aria-hidden=\"true\" class=\"wp-block-spacer\"><\/div>\n\n<div class=\"wp-block-buttons is-content-justification-center is-layout-flex wp-container-core-buttons-is-layout-a89b3969 wp-block-buttons-is-layout-flex\">\n<div class=\"wp-block-button has-custom-font-size\" style=\"font-size:24px\"><a class=\"wp-block-button__link has-ast-global-color-7-color has-text-color has-background\" href=\"https:\/\/fancyfigurescnft.com\/de\/?page_id=8831\" style=\"border-radius:10px;background-color:#ffd700\"><strong>Legend\u00e4r<br\/>029 St\u00fcck = 02,61%<\/strong><\/a><\/div>\n<\/div>\n\n<div style=\"height:30px\" aria-hidden=\"true\" class=\"wp-block-spacer\"><\/div>\n\n<div class=\"wp-block-buttons is-content-justification-center is-layout-flex wp-container-core-buttons-is-layout-a89b3969 wp-block-buttons-is-layout-flex\">\n<div class=\"wp-block-button has-custom-font-size\" style=\"font-size:24px\"><a class=\"wp-block-button__link has-ast-global-color-7-color has-text-color has-background\" href=\"https:\/\/fancyfigurescnft.com\/de\/?page_id=8827\" style=\"border-radius:10px;background-color:#ffd700\"><strong>Mythisch<br\/>017 St\u00fcck = 01,53%<\/strong><\/a><\/div>\n<\/div>\n\n<div style=\"height:80px\" aria-hidden=\"true\" class=\"wp-block-spacer\"><\/div>\n\n<h1 class=\"has-text-align-center wp-block-heading\"><strong>Liste aller Details<\/strong><\/h1>\n\n<figure class=\"wp-block-table alignwide is-style-stripes\" style=\"font-size:18px\"><table class=\"has-fixed-layout\"><thead><tr><th class=\"has-text-align-left\" data-align=\"left\"><strong>Zubeh\u00f6r:<\/strong><\/th><th class=\"has-text-align-left\" data-align=\"left\"><strong>St\u00fccke:<\/strong><\/th><\/tr><\/thead><tbody><tr><td class=\"has-text-align-left\" data-align=\"left\">#Brille<\/td><td class=\"has-text-align-left\" data-align=\"left\">146x<\/td><\/tr><tr><td class=\"has-text-align-left\" data-align=\"left\">#Sonnenbrille<\/td><td class=\"has-text-align-left\" data-align=\"left\">143x<\/td><\/tr><tr><td class=\"has-text-align-left\" data-align=\"left\">#Augenklappe<\/td><td class=\"has-text-align-left\" data-align=\"left\">14x<\/td><\/tr><tr><td class=\"has-text-align-left\" data-align=\"left\">#Augenmaske<\/td><td class=\"has-text-align-left\" data-align=\"left\">36x<\/td><\/tr><tr><td class=\"has-text-align-left\" data-align=\"left\">#Kopfh\u00f6rer<\/td><td class=\"has-text-align-left\" data-align=\"left\">64x<\/td><\/tr><tr><td class=\"has-text-align-left\" data-align=\"left\">#Deckel<\/td><td class=\"has-text-align-left\" data-align=\"left\">66x<\/td><\/tr><tr><td class=\"has-text-align-left\" data-align=\"left\">#Hut<\/td><td class=\"has-text-align-left\" data-align=\"left\">29x<\/td><\/tr><tr><td class=\"has-text-align-left\" data-align=\"left\">#Krone<\/td><td class=\"has-text-align-left\" data-align=\"left\">12x<\/td><\/tr><tr><td class=\"has-text-align-left\" data-align=\"left\">#goldene Krone<\/td><td class=\"has-text-align-left\" data-align=\"left\">26x<\/td><\/tr><tr><td class=\"has-text-align-left\" data-align=\"left\">#3D-Brille<\/td><td class=\"has-text-align-left\" data-align=\"left\">19x<\/td><\/tr><tr><td class=\"has-text-align-left\" data-align=\"left\"><strong>Schmuck:<\/strong><\/td><td class=\"has-text-align-left\" data-align=\"left\"><strong>St\u00fccke:<\/strong><\/td><\/tr><tr><td class=\"has-text-align-left\" data-align=\"left\">#Kette<\/td><td class=\"has-text-align-left\" data-align=\"left\">292x<\/td><\/tr><tr><td class=\"has-text-align-left\" data-align=\"left\">#Goldkette<\/td><td class=\"has-text-align-left\" data-align=\"left\">49x<\/td><\/tr><tr><td class=\"has-text-align-left\" data-align=\"left\">#Ohrring\/e<\/td><td class=\"has-text-align-left\" data-align=\"left\">35x<\/td><\/tr><tr><td class=\"has-text-align-left\" data-align=\"left\">#goldene Ohrringe<\/td><td class=\"has-text-align-left\" data-align=\"left\">41x<\/td><\/tr><tr><td class=\"has-text-align-left\" data-align=\"left\"><strong>Zus\u00e4tzlich:<\/strong><\/td><td class=\"has-text-align-left\" data-align=\"left\"><strong>St\u00fccke:<\/strong><\/td><\/tr><tr><td class=\"has-text-align-left\" data-align=\"left\">#Mundschutz<\/td><td class=\"has-text-align-left\" data-align=\"left\">125x<\/td><\/tr><tr><td class=\"has-text-align-left\" data-align=\"left\">#Zigarette<\/td><td class=\"has-text-align-left\" data-align=\"left\">96x<\/td><\/tr><tr><td class=\"has-text-align-left\" data-align=\"left\">#Rohr<\/td><td class=\"has-text-align-left\" data-align=\"left\">16x<\/td><\/tr><tr><td class=\"has-text-align-left\" data-align=\"left\">#Bart<\/td><td class=\"has-text-align-left\" data-align=\"left\">302x<\/td><\/tr><tr><td class=\"has-text-align-left\" data-align=\"left\">#Maulwurf<\/td><td class=\"has-text-align-left\" data-align=\"left\">7x<\/td><\/tr><\/tbody><\/table><\/figure>\n\n<div style=\"height:40px\" aria-hidden=\"true\" class=\"wp-block-spacer\"><\/div>\n\n<p><\/p>\n","protected":false},"excerpt":{"rendered":"<p>Seltenheitsfinder Geben Sie Ihre Nummer von Ihrem NFT ein und finden Sie heraus, welche Seltenheit Ihr NFT hat! Liste aller Rarit\u00e4ten Liste aller Details Zubeh\u00f6r: St\u00fccke: #Brille 146x #Sonnenbrille 143x #Augenklappe 14x #Augenmaske 36x #Kopfh\u00f6rer 64x #Deckel 66x #Hut 29x #Krone 12x #goldene Krone 26x #3D-Brille 19x Schmuck: St\u00fccke: #Kette 292x #Goldkette 49x #Ohrring\/e 35x &hellip;<\/p>\n<p class=\"read-more\"> <a class=\"\" href=\"https:\/\/fancyfigurescnft.com\/de\/gallery\/\"> <span class=\"screen-reader-text\">Seltenheitsfinder<\/span> Weiterlesen &raquo;<\/a><\/p>\n","protected":false},"author":1,"featured_media":0,"parent":0,"menu_order":0,"comment_status":"closed","ping_status":"closed","template":"","meta":{"site-sidebar-layout":"default","site-content-layout":"default","ast-global-header-display":"","ast-main-header-display":"","ast-hfb-above-header-display":"","ast-hfb-below-header-display":"","ast-hfb-mobile-header-display":"","site-post-title":"","ast-breadcrumbs-content":"","ast-featured-img":"","footer-sml-layout":"","theme-transparent-header-meta":"","adv-header-id-meta":"","stick-header-meta":"","header-above-stick-meta":"","header-main-stick-meta":"","header-below-stick-meta":"","ngg_post_thumbnail":0,"footnotes":""},"class_list":["post-39","page","type-page","status-publish","hentry"],"_links":{"self":[{"href":"https:\/\/fancyfigurescnft.com\/de\/wp-json\/wp\/v2\/pages\/39","targetHints":{"allow":["GET"]}}],"collection":[{"href":"https:\/\/fancyfigurescnft.com\/de\/wp-json\/wp\/v2\/pages"}],"about":[{"href":"https:\/\/fancyfigurescnft.com\/de\/wp-json\/wp\/v2\/types\/page"}],"author":[{"embeddable":true,"href":"https:\/\/fancyfigurescnft.com\/de\/wp-json\/wp\/v2\/users\/1"}],"replies":[{"embeddable":true,"href":"https:\/\/fancyfigurescnft.com\/de\/wp-json\/wp\/v2\/comments?post=39"}],"version-history":[{"count":10,"href":"https:\/\/fancyfigurescnft.com\/de\/wp-json\/wp\/v2\/pages\/39\/revisions"}],"predecessor-version":[{"id":9759,"href":"https:\/\/fancyfigurescnft.com\/de\/wp-json\/wp\/v2\/pages\/39\/revisions\/9759"}],"wp:attachment":[{"href":"https:\/\/fancyfigurescnft.com\/de\/wp-json\/wp\/v2\/media?parent=39"}],"curies":[{"name":"wp","href":"https:\/\/api.w.org\/{rel}","templated":true}]}}