{"id":28,"date":"2022-02-14T21:02:04","date_gmt":"2022-02-14T20:02:04","guid":{"rendered":"http:\/\/fancyfigurescnft.com\/?page_id=28"},"modified":"2022-04-02T10:20:31","modified_gmt":"2022-04-02T08:20:31","slug":"disclaimer","status":"publish","type":"page","link":"https:\/\/fancyfigurescnft.com\/de\/disclaimer\/","title":{"rendered":"Haftungsausschluss"},"content":{"rendered":"\n<div style=\"height:20px\" aria-hidden=\"true\" class=\"wp-block-spacer\"><\/div>\n\n\n\n<h2 class=\"wp-block-heading\">Risiken im Kryptomarkt<\/h2>\n\n\n\n<p style=\"font-size:16px\">Der Kryptomarkt bietet eine sehr gro\u00dfe Chance, Geld zu verdienen. Allerdings ist dies mit einem extrem hohen Risiko verbunden. Sollte man in einen Coin\/Token investiert haben, der komplett einbricht und sich nicht mehr erholt, ist das gesamte investierte Geld weg.<\/p>\n\n\n\n<h2 class=\"wp-block-heading\">Haftung f\u00fcr Inhalte<\/h2>\n\n\n\n<p style=\"font-size:16px\">Als Diensteanbieter sind wir gem\u00e4\u00df \u00a7 7 Abs.1 TMG f\u00fcr eigene Inhalte auf diesen Seiten nach den allgemeinen Gesetzen verantwortlich. Nach \u00a7\u00a7 8 bis 10 TMG sind wir als Diensteanbieter jedoch nicht verpflichtet, \u00fcbermittelte oder gespeicherte fremde Informationen zu \u00fcberwachen oder nach Umst\u00e4nden zu forschen, die auf eine rechtswidrige T\u00e4tigkeit hinweisen.<\/p>\n\n\n\n<p style=\"font-size:16px\">Verpflichtungen zur Entfernung oder Sperrung der Nutzung von Informationen nach den allgemeinen Gesetzen bleiben hiervon unber\u00fchrt. Eine diesbez\u00fcgliche Haftung ist jedoch erst ab dem Zeitpunkt der Kenntnis einer konkreten Rechtsverletzung m\u00f6glich. Bei Bekannt werden von entsprechenden Rechtsverletzungen werden wir diese Inhalte umgehend entfernen.<\/p>\n\n\n\n<h2 class=\"wp-block-heading\">Haftung f\u00fcr Links<\/h2>\n\n\n\n<p style=\"font-size:16px\">Unser Angebot enth\u00e4lt Links zu externen Websites Dritter, auf deren Inhalte wir keinen Einfluss haben. Deshalb k\u00f6nnen wir f\u00fcr diese fremden Inhalte auch keine Gew\u00e4hr \u00fcbernehmen. F\u00fcr die Inhalte der verlinkten Seiten ist stets der jeweilige Anbieter oder Betreiber der Seiten verantwortlich. Die verlinkten Seiten wurden zum Zeitpunkt der Verlinkung auf m\u00f6gliche Rechtsverst\u00f6\u00dfe \u00fcberpr\u00fcft. Rechtswidrige Inhalte waren zum Zeitpunkt der Verlinkung nicht erkennbar.<\/p>\n\n\n\n<p style=\"font-size:16px\">Eine permanente inhaltliche Kontrolle der verlinkten Seiten ist jedoch ohne konkrete Anhaltspunkte einer Rechtsverletzung nicht zumutbar. Bei Bekanntwerden von Rechtsverletzungen werden wir derartige Links umgehend entfernen.<\/p>\n\n\n\n<h2 class=\"wp-block-heading\">Urheberrecht<\/h2>\n\n\n\n<p style=\"font-size:16px\">Die durch die Seitenbetreiber erstellten Inhalte und Werke auf diesen Seiten unterliegen dem deutschen Urheberrecht. Die Vervielf\u00e4ltigung, Bearbeitung, Verbreitung und jede Art der Verwertung au\u00dferhalb der Grenzen des Urheberrechtes bed\u00fcrfen der schriftlichen Zustimmung des jeweiligen Autors bzw. Erstellers. Downloads und Kopien dieser Seite sind nur f\u00fcr den privaten, nicht kommerziellen Gebrauch gestattet.<\/p>\n\n\n\n<p style=\"font-size:16px\">Soweit die Inhalte auf dieser Seite nicht vom Betreiber erstellt wurden, werden die Urheberrechte Dritter beachtet. Insbesondere werden Inhalte Dritter als solche gekennzeichnet. Sollten Sie trotzdem auf eine Urheberrechtsverletzung aufmerksam werden, bitten wir um einen entsprechenden Hinweis. Bei Bekanntwerden von Rechtsverletzungen werden wir derartige Inhalte umgehend entfernen.<\/p>\n\n\n\n<h2 class=\"wp-block-heading\">Affiliate Links*<\/h2>\n\n\n\n<p style=\"font-size:16px\">Links zu Produkten wie beispielsweise von Plattformen, wie Exchanges sind teilweise Affiliate Links. Das bedeutet, dass \u00fcber die Verlinkung kleine Provisionen entstehen, wenn man sich dann dar\u00fcber anmeldet. Kosten entstehen dadurch nicht. Teilweise erh\u00e4lt man selbst einen zus\u00e4tzlichen Bonus.&nbsp;<\/p>\n\n\n\n<p style=\"font-size:16px\">Affiliate Links sind mit (*) gekennzeichnet.<\/p>\n\n\n\n<div style=\"height:10px\" aria-hidden=\"true\" class=\"wp-block-spacer\"><\/div>\n\n\n\n<div class=\"wp-block-buttons is-content-justification-center is-layout-flex wp-container-core-buttons-is-layout-a89b3969 wp-block-buttons-is-layout-flex\">\n<div class=\"wp-block-button has-custom-font-size has-medium-font-size\"><a class=\"wp-block-button__link has-ast-global-color-7-color has-text-color has-background\" href=\"https:\/\/fancyfigurescnft.com\/de\/dgsvo\/\" style=\"border-radius:10px;background-color:#ffd700\">&lt; Zur\u00fcck<\/a><\/div>\n<\/div>\n\n\n\n<div style=\"height:20px\" aria-hidden=\"true\" class=\"wp-block-spacer\"><\/div>\n","protected":false},"excerpt":{"rendered":"<p>Risiken im Kryptomarkt Der Kryptomarkt bietet eine sehr gro\u00dfe Chance, Geld zu verdienen. Allerdings ist dies mit einem extrem hohen Risiko verbunden. Sollte man in einen Coin\/Token investiert haben, der komplett einbricht und sich nicht mehr erholt, ist das gesamte investierte Geld weg. Haftung f\u00fcr Inhalte Als Diensteanbieter sind wir gem\u00e4\u00df \u00a7 7 Abs.1 TMG &hellip;<\/p>\n<p class=\"read-more\"> <a class=\"\" href=\"https:\/\/fancyfigurescnft.com\/de\/disclaimer\/\"> <span class=\"screen-reader-text\">Haftungsausschluss<\/span> Weiterlesen &raquo;<\/a><\/p>\n","protected":false},"author":1,"featured_media":0,"parent":0,"menu_order":0,"comment_status":"closed","ping_status":"closed","template":"","meta":{"site-sidebar-layout":"default","site-content-layout":"default","ast-global-header-display":"","ast-main-header-display":"","ast-hfb-above-header-display":"","ast-hfb-below-header-display":"","ast-hfb-mobile-header-display":"","site-post-title":"","ast-breadcrumbs-content":"","ast-featured-img":"","footer-sml-layout":"","theme-transparent-header-meta":"","adv-header-id-meta":"","stick-header-meta":"","header-above-stick-meta":"","header-main-stick-meta":"","header-below-stick-meta":"","ngg_post_thumbnail":0,"footnotes":""},"class_list":["post-28","page","type-page","status-publish","hentry"],"_links":{"self":[{"href":"https:\/\/fancyfigurescnft.com\/de\/wp-json\/wp\/v2\/pages\/28","targetHints":{"allow":["GET"]}}],"collection":[{"href":"https:\/\/fancyfigurescnft.com\/de\/wp-json\/wp\/v2\/pages"}],"about":[{"href":"https:\/\/fancyfigurescnft.com\/de\/wp-json\/wp\/v2\/types\/page"}],"author":[{"embeddable":true,"href":"https:\/\/fancyfigurescnft.com\/de\/wp-json\/wp\/v2\/users\/1"}],"replies":[{"embeddable":true,"href":"https:\/\/fancyfigurescnft.com\/de\/wp-json\/wp\/v2\/comments?post=28"}],"version-history":[{"count":10,"href":"https:\/\/fancyfigurescnft.com\/de\/wp-json\/wp\/v2\/pages\/28\/revisions"}],"predecessor-version":[{"id":9366,"href":"https:\/\/fancyfigurescnft.com\/de\/wp-json\/wp\/v2\/pages\/28\/revisions\/9366"}],"wp:attachment":[{"href":"https:\/\/fancyfigurescnft.com\/de\/wp-json\/wp\/v2\/media?parent=28"}],"curies":[{"name":"wp","href":"https:\/\/api.w.org\/{rel}","templated":true}]}}